{"id":61945,"date":"2025-06-19T10:59:44","date_gmt":"2025-06-19T08:59:44","guid":{"rendered":"https:\/\/ohmycad.com\/mentions-legales\/"},"modified":"2025-12-18T14:31:07","modified_gmt":"2025-12-18T13:31:07","slug":"mentions-legales","status":"publish","type":"page","link":"https:\/\/ohmycad.com\/de\/mentions-legales\/","title":{"rendered":"Rechtliche Hinweise"},"content":{"rendered":"<p><div class=\"fusion-fullwidth fullwidth-box fusion-builder-row-1 fusion-flex-container nonhundred-percent-fullwidth non-hundred-percent-height-scrolling\" style=\"--awb-border-radius-top-left:0px;--awb-border-radius-top-right:0px;--awb-border-radius-bottom-right:0px;--awb-border-radius-bottom-left:0px;--awb-flex-wrap:wrap;\" ><div class=\"fusion-builder-row fusion-row fusion-flex-align-items-flex-start fusion-flex-content-wrap\" style=\"max-width:1347.84px;margin-left: calc(-4% \/ 2 );margin-right: calc(-4% \/ 2 );\"><div class=\"fusion-layout-column fusion_builder_column fusion-builder-column-0 fusion_builder_column_1_1 1_1 fusion-flex-column\" style=\"--awb-bg-blend:overlay;--awb-bg-size:cover;--awb-width-large:100%;--awb-margin-top-large:0px;--awb-spacing-right-large:1.92%;--awb-margin-bottom-large:0px;--awb-spacing-left-large:1.92%;--awb-width-medium:100%;--awb-spacing-right-medium:1.92%;--awb-spacing-left-medium:1.92%;--awb-width-small:100%;--awb-spacing-right-small:1.92%;--awb-spacing-left-small:1.92%;\"><div class=\"fusion-column-wrapper fusion-flex-justify-content-flex-start fusion-content-layout-column\"><div class=\"fusion-text fusion-text-1\"><\/div><\/div><\/div><\/div><\/div><div class=\"fusion-fullwidth fullwidth-box fusion-builder-row-2 fusion-flex-container nonhundred-percent-fullwidth non-hundred-percent-height-scrolling\" style=\"--awb-border-radius-top-left:0px;--awb-border-radius-top-right:0px;--awb-border-radius-bottom-right:0px;--awb-border-radius-bottom-left:0px;--awb-flex-wrap:wrap;\" ><div class=\"fusion-builder-row fusion-row fusion-flex-align-items-flex-start fusion-flex-content-wrap\" style=\"max-width:1347.84px;margin-left: calc(-4% \/ 2 );margin-right: calc(-4% \/ 2 );\"><div class=\"fusion-layout-column fusion_builder_column fusion-builder-column-1 fusion_builder_column_1_1 1_1 fusion-flex-column\" style=\"--awb-bg-size:cover;--awb-width-large:100%;--awb-margin-top-large:0px;--awb-spacing-right-large:1.92%;--awb-margin-bottom-large:20px;--awb-spacing-left-large:1.92%;--awb-width-medium:100%;--awb-order-medium:0;--awb-spacing-right-medium:1.92%;--awb-spacing-left-medium:1.92%;--awb-width-small:100%;--awb-order-small:0;--awb-spacing-right-small:1.92%;--awb-spacing-left-small:1.92%;\"><div class=\"fusion-column-wrapper fusion-column-has-shadow fusion-flex-justify-content-flex-start fusion-content-layout-column\"><div class=\"fusion-title title fusion-title-1 fusion-sep-none fusion-title-text fusion-title-size-one\" style=\"--awb-margin-top-small:10px;--awb-margin-right-small:0px;--awb-margin-bottom-small:30px;--awb-margin-left-small:0px;\"><h1 class=\"fusion-title-heading title-heading-left fusion-responsive-typography-calculated\" style=\"margin:0;--fontSize:64;line-height:var(--awb-typography1-line-height);\"><h1>Rechtliche Hinweise<\/h1><\/h1><\/div><\/div><\/div><div class=\"fusion-layout-column fusion_builder_column fusion-builder-column-2 fusion_builder_column_1_1 1_1 fusion-flex-column\" style=\"--awb-bg-blend:overlay;--awb-bg-size:cover;--awb-width-large:100%;--awb-margin-top-large:0px;--awb-spacing-right-large:1.92%;--awb-margin-bottom-large:0px;--awb-spacing-left-large:1.92%;--awb-width-medium:100%;--awb-spacing-right-medium:1.92%;--awb-spacing-left-medium:1.92%;--awb-width-small:100%;--awb-spacing-right-small:1.92%;--awb-spacing-left-small:1.92%;\"><div class=\"fusion-column-wrapper fusion-flex-justify-content-flex-start fusion-content-layout-column\"><div class=\"fusion-text fusion-text-2\"><ul>\n<li data-start=\"408\" data-end=\"455\"><b>Rechtliche Hinweise <\/b><b style=\"letter-spacing: -0.17px; background-color: rgba(0, 0, 0, 0);\">- Ohmycad.com<\/b><\/li>\n<li data-start=\"408\" data-end=\"455\"><b>Herausgeber der Website:<\/b>Ohmycad \/ NEXTCUBE.IO4 rue Jules Lef\u00e8vre, 75009 Paris\n<p>SAS mit einem Kapital von 300.000\u20ac.<\/p>\n<p>RCS Paris 88020853300013 - 4 rue Jules Lef\u00e8vre, 75009 Paris - NEXTCUBE.IO, rechtliche Hinweise<\/p>\n<p>Umsatzsteuer-Identifikationsnummer: FR43880208533<\/p>\n<p><b>Leiter der Ver\u00f6ffentlichung :<\/b><\/p>\n<p>Victor ROUX, victor@ohmycad.com<\/p>\n<p><b>Hosting der Website :<\/b><\/p>\n<p>O2SWITCH<\/p>\n<p>222 Bd Gustave Flaubert, 63000 Clermont-Ferrand<\/p>\n<p>Tel. : 04 44 44 60 40<\/p>\n<p>Website: https:\/\/www.o2switch.fr<\/p>\n<p><b>Kontakt :<\/b><\/p>\n<p>Mail: contact@ohmycad.com<\/p>\n<p>Telefon: +33 1 89 71 33 15<\/p>\n<p><b>Pers\u00f6nliche Daten :<\/b><\/p>\n<p>Die auf dieser Website gesammelten pers\u00f6nlichen Informationen sind nur f\u00fcr den internen Gebrauch bestimmt. Gem\u00e4\u00df dem Gesetz \u201eInformatique et Libert\u00e9s\u201c haben Sie das Recht, auf Ihre Daten zuzugreifen, sie zu berichtigen und zu l\u00f6schen. <\/p>\n<p><b>Cookies :<\/b><\/p>\n<p>Die Website kann Cookies f\u00fcr die Messung der Besucherzahlen und f\u00fcr Navigationszwecke verwenden. Wenn Sie Ihre Navigation fortsetzen, stimmen Sie der Verwendung von Cookies zu. <\/p>\n<\/li>\n<li data-start=\"699\" data-end=\"810\">Unsere Website richtet sich ausschlie\u00dflich an Fachleute.<\/li>\n<\/ul>\n<\/div><\/div><\/div><\/div><\/div><\/p>\n","protected":false},"excerpt":{"rendered":"","protected":false},"author":38,"featured_media":0,"parent":0,"menu_order":0,"comment_status":"closed","ping_status":"closed","template":"","meta":{"content-type":"","footnotes":""},"class_list":["post-61945","page","type-page","status-publish","hentry"],"yoast_head":"<!-- This site is optimized with the Yoast SEO Premium plugin v27.4 (Yoast SEO v27.5) - https:\/\/yoast.com\/product\/yoast-seo-premium-wordpress\/ -->\n<title>Rechtliche Hinweise Ohmycad | Rechtliche Informationen &amp; DSGVO<\/title>\n<meta name=\"description\" content=\"Besuchen Sie Ohmycad&#039;s Impressum f\u00fcr unsere rechtlichen Informationen, Details \u00fcber den Herausgeber, den Hostinganbieter, unsere Datenschutzpolitik und die Verwendung von Cookies. Transparenz und DSGVO-Konformit\u00e4t.\" \/>\n<meta name=\"robots\" content=\"index, follow, max-snippet:-1, max-image-preview:large, max-video-preview:-1\" \/>\n<link rel=\"canonical\" href=\"https:\/\/ohmycad.com\/de\/mentions-legales\/\" \/>\n<meta property=\"og:locale\" content=\"de_DE\" \/>\n<meta property=\"og:type\" content=\"article\" \/>\n<meta property=\"og:title\" content=\"Rechtliche Hinweise\" \/>\n<meta property=\"og:description\" content=\"Besuchen Sie Ohmycad&#039;s Impressum f\u00fcr unsere rechtlichen Informationen, Details \u00fcber den Herausgeber, den Hostinganbieter, unsere Datenschutzpolitik und die Verwendung von Cookies. Transparenz und DSGVO-Konformit\u00e4t.\" \/>\n<meta property=\"og:url\" content=\"https:\/\/ohmycad.com\/de\/mentions-legales\/\" \/>\n<meta property=\"og:site_name\" content=\"Ohmycad | Partenaire SOLIDWORKS\" \/>\n<meta property=\"article:publisher\" content=\"https:\/\/www.facebook.com\/ohmycad3ds\/\" \/>\n<meta property=\"article:modified_time\" content=\"2025-12-18T13:31:07+00:00\" \/>\n<meta property=\"og:image\" content=\"https:\/\/ohmycad.com\/wp-content\/uploads\/2025\/04\/cropped-Logo-Carre-PNG.png\" \/>\n\t<meta property=\"og:image:width\" content=\"512\" \/>\n\t<meta property=\"og:image:height\" content=\"512\" \/>\n\t<meta property=\"og:image:type\" content=\"image\/png\" \/>\n<meta name=\"twitter:card\" content=\"summary_large_image\" \/>\n<meta name=\"twitter:label1\" content=\"Gesch\u00e4tzte Lesezeit\" \/>\n\t<meta name=\"twitter:data1\" content=\"4\u00a0Minute\" \/>\n<script type=\"application\/ld+json\" class=\"yoast-schema-graph\">{\"@context\":\"https:\\\/\\\/schema.org\",\"@graph\":[{\"@type\":\"WebPage\",\"@id\":\"https:\\\/\\\/ohmycad.com\\\/de\\\/mentions-legales\\\/\",\"url\":\"https:\\\/\\\/ohmycad.com\\\/de\\\/mentions-legales\\\/\",\"name\":\"Rechtliche Hinweise Ohmycad | Rechtliche Informationen & DSGVO\",\"isPartOf\":{\"@id\":\"https:\\\/\\\/ohmycad.com\\\/de\\\/#website\"},\"datePublished\":\"2025-06-19T08:59:44+00:00\",\"dateModified\":\"2025-12-18T13:31:07+00:00\",\"description\":\"Besuchen Sie Ohmycad's Impressum f\u00fcr unsere rechtlichen Informationen, Details \u00fcber den Herausgeber, den Hostinganbieter, unsere Datenschutzpolitik und die Verwendung von Cookies. Transparenz und DSGVO-Konformit\u00e4t.\",\"breadcrumb\":{\"@id\":\"https:\\\/\\\/ohmycad.com\\\/de\\\/mentions-legales\\\/#breadcrumb\"},\"inLanguage\":\"de\",\"potentialAction\":[{\"@type\":\"ReadAction\",\"target\":[\"https:\\\/\\\/ohmycad.com\\\/de\\\/mentions-legales\\\/\"]}]},{\"@type\":\"BreadcrumbList\",\"@id\":\"https:\\\/\\\/ohmycad.com\\\/de\\\/mentions-legales\\\/#breadcrumb\",\"itemListElement\":[{\"@type\":\"ListItem\",\"position\":1,\"name\":\"Accueil\",\"item\":\"https:\\\/\\\/ohmycad.com\\\/de\\\/startseite-ae\\\/\"},{\"@type\":\"ListItem\",\"position\":2,\"name\":\"Rechtliche Hinweise\"}]},{\"@type\":\"WebSite\",\"@id\":\"https:\\\/\\\/ohmycad.com\\\/de\\\/#website\",\"url\":\"https:\\\/\\\/ohmycad.com\\\/de\\\/\",\"name\":\"Ohmycad - Partner SOLIDWORKS\",\"description\":\"Le partenaire Dassault Syst\u00e8mes sans compromis\",\"publisher\":{\"@id\":\"https:\\\/\\\/ohmycad.com\\\/de\\\/#organization\"},\"potentialAction\":[{\"@type\":\"SearchAction\",\"target\":{\"@type\":\"EntryPoint\",\"urlTemplate\":\"https:\\\/\\\/ohmycad.com\\\/de\\\/?s={search_term_string}\"},\"query-input\":{\"@type\":\"PropertyValueSpecification\",\"valueRequired\":true,\"valueName\":\"search_term_string\"}}],\"inLanguage\":\"de\"},{\"@type\":\"Organization\",\"@id\":\"https:\\\/\\\/ohmycad.com\\\/de\\\/#organization\",\"name\":\"Ohmycad\",\"url\":\"https:\\\/\\\/ohmycad.com\\\/de\\\/\",\"logo\":{\"@type\":\"ImageObject\",\"inLanguage\":\"de\",\"@id\":\"https:\\\/\\\/ohmycad.com\\\/de\\\/#\\\/schema\\\/logo\\\/image\\\/\",\"url\":\"https:\\\/\\\/ohmycad.com\\\/wp-content\\\/uploads\\\/2025\\\/04\\\/Logo-Carre-PNG.png\",\"contentUrl\":\"https:\\\/\\\/ohmycad.com\\\/wp-content\\\/uploads\\\/2025\\\/04\\\/Logo-Carre-PNG.png\",\"width\":1080,\"height\":1080,\"caption\":\"Ohmycad\"},\"image\":{\"@id\":\"https:\\\/\\\/ohmycad.com\\\/de\\\/#\\\/schema\\\/logo\\\/image\\\/\"},\"sameAs\":[\"https:\\\/\\\/www.facebook.com\\\/ohmycad3ds\\\/\",\"https:\\\/\\\/www.instagram.com\\\/ohmycad_\\\/\",\"https:\\\/\\\/www.linkedin.com\\\/company\\\/ohmycad\\\/posts\\\/?feedView=all\"],\"email\":\"contact@ohmycad.com\",\"telephone\":\"+331 89 71 33 15\",\"legalName\":\"NEXTCUBE.IO\",\"foundingDate\":\"2019-11-12\",\"vatID\":\"FR43880208533\",\"taxID\":\"88020853300013\",\"numberOfEmployees\":{\"@type\":\"QuantitativeValue\",\"minValue\":\"11\",\"maxValue\":\"50\"}}]}<\/script>\n<!-- \/ Yoast SEO Premium plugin. -->","yoast_head_json":{"title":"Rechtliche Hinweise Ohmycad | Rechtliche Informationen & DSGVO","description":"Besuchen Sie Ohmycad's Impressum f\u00fcr unsere rechtlichen Informationen, Details \u00fcber den Herausgeber, den Hostinganbieter, unsere Datenschutzpolitik und die Verwendung von Cookies. Transparenz und DSGVO-Konformit\u00e4t.","robots":{"index":"index","follow":"follow","max-snippet":"max-snippet:-1","max-image-preview":"max-image-preview:large","max-video-preview":"max-video-preview:-1"},"canonical":"https:\/\/ohmycad.com\/de\/mentions-legales\/","og_locale":"de_DE","og_type":"article","og_title":"Rechtliche Hinweise","og_description":"Besuchen Sie Ohmycad's Impressum f\u00fcr unsere rechtlichen Informationen, Details \u00fcber den Herausgeber, den Hostinganbieter, unsere Datenschutzpolitik und die Verwendung von Cookies. Transparenz und DSGVO-Konformit\u00e4t.","og_url":"https:\/\/ohmycad.com\/de\/mentions-legales\/","og_site_name":"Ohmycad | Partenaire SOLIDWORKS","article_publisher":"https:\/\/www.facebook.com\/ohmycad3ds\/","article_modified_time":"2025-12-18T13:31:07+00:00","og_image":[{"width":512,"height":512,"url":"https:\/\/ohmycad.com\/wp-content\/uploads\/2025\/04\/cropped-Logo-Carre-PNG.png","type":"image\/png"}],"twitter_card":"summary_large_image","twitter_misc":{"Gesch\u00e4tzte Lesezeit":"4\u00a0Minute"},"schema":{"@context":"https:\/\/schema.org","@graph":[{"@type":"WebPage","@id":"https:\/\/ohmycad.com\/de\/mentions-legales\/","url":"https:\/\/ohmycad.com\/de\/mentions-legales\/","name":"Rechtliche Hinweise Ohmycad | Rechtliche Informationen & DSGVO","isPartOf":{"@id":"https:\/\/ohmycad.com\/de\/#website"},"datePublished":"2025-06-19T08:59:44+00:00","dateModified":"2025-12-18T13:31:07+00:00","description":"Besuchen Sie Ohmycad's Impressum f\u00fcr unsere rechtlichen Informationen, Details \u00fcber den Herausgeber, den Hostinganbieter, unsere Datenschutzpolitik und die Verwendung von Cookies. Transparenz und DSGVO-Konformit\u00e4t.","breadcrumb":{"@id":"https:\/\/ohmycad.com\/de\/mentions-legales\/#breadcrumb"},"inLanguage":"de","potentialAction":[{"@type":"ReadAction","target":["https:\/\/ohmycad.com\/de\/mentions-legales\/"]}]},{"@type":"BreadcrumbList","@id":"https:\/\/ohmycad.com\/de\/mentions-legales\/#breadcrumb","itemListElement":[{"@type":"ListItem","position":1,"name":"Accueil","item":"https:\/\/ohmycad.com\/de\/startseite-ae\/"},{"@type":"ListItem","position":2,"name":"Rechtliche Hinweise"}]},{"@type":"WebSite","@id":"https:\/\/ohmycad.com\/de\/#website","url":"https:\/\/ohmycad.com\/de\/","name":"Ohmycad - Partner SOLIDWORKS","description":"Le partenaire Dassault Syst\u00e8mes sans compromis","publisher":{"@id":"https:\/\/ohmycad.com\/de\/#organization"},"potentialAction":[{"@type":"SearchAction","target":{"@type":"EntryPoint","urlTemplate":"https:\/\/ohmycad.com\/de\/?s={search_term_string}"},"query-input":{"@type":"PropertyValueSpecification","valueRequired":true,"valueName":"search_term_string"}}],"inLanguage":"de"},{"@type":"Organization","@id":"https:\/\/ohmycad.com\/de\/#organization","name":"Ohmycad","url":"https:\/\/ohmycad.com\/de\/","logo":{"@type":"ImageObject","inLanguage":"de","@id":"https:\/\/ohmycad.com\/de\/#\/schema\/logo\/image\/","url":"https:\/\/ohmycad.com\/wp-content\/uploads\/2025\/04\/Logo-Carre-PNG.png","contentUrl":"https:\/\/ohmycad.com\/wp-content\/uploads\/2025\/04\/Logo-Carre-PNG.png","width":1080,"height":1080,"caption":"Ohmycad"},"image":{"@id":"https:\/\/ohmycad.com\/de\/#\/schema\/logo\/image\/"},"sameAs":["https:\/\/www.facebook.com\/ohmycad3ds\/","https:\/\/www.instagram.com\/ohmycad_\/","https:\/\/www.linkedin.com\/company\/ohmycad\/posts\/?feedView=all"],"email":"contact@ohmycad.com","telephone":"+331 89 71 33 15","legalName":"NEXTCUBE.IO","foundingDate":"2019-11-12","vatID":"FR43880208533","taxID":"88020853300013","numberOfEmployees":{"@type":"QuantitativeValue","minValue":"11","maxValue":"50"}}]}},"_links":{"self":[{"href":"https:\/\/ohmycad.com\/de\/wp-json\/wp\/v2\/pages\/61945","targetHints":{"allow":["GET"]}}],"collection":[{"href":"https:\/\/ohmycad.com\/de\/wp-json\/wp\/v2\/pages"}],"about":[{"href":"https:\/\/ohmycad.com\/de\/wp-json\/wp\/v2\/types\/page"}],"author":[{"embeddable":true,"href":"https:\/\/ohmycad.com\/de\/wp-json\/wp\/v2\/users\/38"}],"replies":[{"embeddable":true,"href":"https:\/\/ohmycad.com\/de\/wp-json\/wp\/v2\/comments?post=61945"}],"version-history":[{"count":0,"href":"https:\/\/ohmycad.com\/de\/wp-json\/wp\/v2\/pages\/61945\/revisions"}],"wp:attachment":[{"href":"https:\/\/ohmycad.com\/de\/wp-json\/wp\/v2\/media?parent=61945"}],"curies":[{"name":"wp","href":"https:\/\/api.w.org\/{rel}","templated":true}]}}