{"id":91158,"date":"2025-06-19T10:59:44","date_gmt":"2025-06-19T08:59:44","guid":{"rendered":"https:\/\/ohmycad.com\/aviso-legal\/"},"modified":"2026-01-12T14:00:38","modified_gmt":"2026-01-12T13:00:38","slug":"aviso-legal","status":"publish","type":"page","link":"https:\/\/ohmycad.com\/es\/aviso-legal\/","title":{"rendered":"Aviso legal"},"content":{"rendered":"<p><div class=\"fusion-fullwidth fullwidth-box fusion-builder-row-1 fusion-flex-container nonhundred-percent-fullwidth non-hundred-percent-height-scrolling\" style=\"--awb-border-radius-top-left:0px;--awb-border-radius-top-right:0px;--awb-border-radius-bottom-right:0px;--awb-border-radius-bottom-left:0px;--awb-flex-wrap:wrap;\" ><div class=\"fusion-builder-row fusion-row fusion-flex-align-items-flex-start fusion-flex-content-wrap\" style=\"max-width:1347.84px;margin-left: calc(-4% \/ 2 );margin-right: calc(-4% \/ 2 );\"><div class=\"fusion-layout-column fusion_builder_column fusion-builder-column-0 fusion_builder_column_1_1 1_1 fusion-flex-column\" style=\"--awb-bg-blend:overlay;--awb-bg-size:cover;--awb-width-large:100%;--awb-margin-top-large:0px;--awb-spacing-right-large:1.92%;--awb-margin-bottom-large:0px;--awb-spacing-left-large:1.92%;--awb-width-medium:100%;--awb-spacing-right-medium:1.92%;--awb-spacing-left-medium:1.92%;--awb-width-small:100%;--awb-spacing-right-small:1.92%;--awb-spacing-left-small:1.92%;\"><div class=\"fusion-column-wrapper fusion-flex-justify-content-flex-start fusion-content-layout-column\"><div class=\"fusion-text fusion-text-1\"><\/div><\/div><\/div><\/div><\/div><div class=\"fusion-fullwidth fullwidth-box fusion-builder-row-2 fusion-flex-container nonhundred-percent-fullwidth non-hundred-percent-height-scrolling\" style=\"--awb-border-radius-top-left:0px;--awb-border-radius-top-right:0px;--awb-border-radius-bottom-right:0px;--awb-border-radius-bottom-left:0px;--awb-flex-wrap:wrap;\" ><div class=\"fusion-builder-row fusion-row fusion-flex-align-items-flex-start fusion-flex-content-wrap\" style=\"max-width:1347.84px;margin-left: calc(-4% \/ 2 );margin-right: calc(-4% \/ 2 );\"><div class=\"fusion-layout-column fusion_builder_column fusion-builder-column-1 fusion_builder_column_1_1 1_1 fusion-flex-column\" style=\"--awb-bg-size:cover;--awb-width-large:100%;--awb-margin-top-large:0px;--awb-spacing-right-large:1.92%;--awb-margin-bottom-large:20px;--awb-spacing-left-large:1.92%;--awb-width-medium:100%;--awb-order-medium:0;--awb-spacing-right-medium:1.92%;--awb-spacing-left-medium:1.92%;--awb-width-small:100%;--awb-order-small:0;--awb-spacing-right-small:1.92%;--awb-spacing-left-small:1.92%;\"><div class=\"fusion-column-wrapper fusion-column-has-shadow fusion-flex-justify-content-flex-start fusion-content-layout-column\"><div class=\"fusion-title title fusion-title-1 fusion-sep-none fusion-title-text fusion-title-size-one\" style=\"--awb-margin-top-small:10px;--awb-margin-right-small:0px;--awb-margin-bottom-small:30px;--awb-margin-left-small:0px;\"><h1 class=\"fusion-title-heading title-heading-left fusion-responsive-typography-calculated\" style=\"margin:0;--fontSize:64;line-height:var(--awb-typography1-line-height);\"><h1>Informaci\u00f3n legal<\/h1><\/h1><\/div><\/div><\/div><div class=\"fusion-layout-column fusion_builder_column fusion-builder-column-2 fusion_builder_column_1_1 1_1 fusion-flex-column\" style=\"--awb-bg-blend:overlay;--awb-bg-size:cover;--awb-width-large:100%;--awb-margin-top-large:0px;--awb-spacing-right-large:1.92%;--awb-margin-bottom-large:0px;--awb-spacing-left-large:1.92%;--awb-width-medium:100%;--awb-spacing-right-medium:1.92%;--awb-spacing-left-medium:1.92%;--awb-width-small:100%;--awb-spacing-right-small:1.92%;--awb-spacing-left-small:1.92%;\"><div class=\"fusion-column-wrapper fusion-flex-justify-content-flex-start fusion-content-layout-column\"><div class=\"fusion-text fusion-text-2\"><ul>\n<li data-start=\"408\" data-end=\"455\"><b>T\u00e9rminos y condiciones <\/b><b style=\"letter-spacing: -0.17px; background-color: rgba(0, 0, 0, 0);\">- Ohmycad.com<\/b><\/li>\n<li data-start=\"408\" data-end=\"455\"><b>Editor del sitio :<\/b>Ohmycad \/ NEXTCUBE.IO4 rue Jules Lef\u00e8vre, 75009 Paris\n<p>SAS con capital de 300.000 euros<\/p>\n<p>RCS Par\u00eds 88020853300013 - 4 rue Jules Lef\u00e8vre, 75009 Par\u00eds - NEXTCUBE.IO, aviso legal<\/p>\n<p>N\u00famero de IVA intracomunitario: FR43880208533<\/p>\n<p><b>Director de la publicaci\u00f3n :<\/b><\/p>\n<p>Victor ROUX, victor@ohmycad.com<\/p>\n<p><b>Anfitri\u00f3n del sitio :<\/b><\/p>\n<p>O2SWITCH<\/p>\n<p>222 Bd Gustave Flaubert, 63000 Clermont-Ferrand<\/p>\n<p>Tel. : 04 44 44 60 40<\/p>\n<p>P\u00e1gina web: https:\/\/www.o2switch.fr<\/p>\n<p><b>Contacto:<\/b><\/p>\n<p>Correo electr\u00f3nico: contact@ohmycad.com<\/p>\n<p>Tel\u00e9fono: +33 1 89 71 33 15<\/p>\n<p><b>Datos personales:<\/b><\/p>\n<p>La informaci\u00f3n personal recopilada en este sitio es s\u00f3lo para uso interno. De conformidad con la Ley francesa de Protecci\u00f3n de Datos, tienes derecho a acceder, rectificar y suprimir los datos que te conciernan. <\/p>\n<p><b>Galletas :<\/b><\/p>\n<p>El sitio puede utilizar cookies con fines de medici\u00f3n de audiencia y navegaci\u00f3n. Al continuar navegando, aceptas el uso de cookies. <\/p>\n<\/li>\n<li data-start=\"699\" data-end=\"810\">Nuestro sitio web est\u00e1 dirigido exclusivamente a profesionales.<\/li>\n<\/ul>\n<\/div><\/div><\/div><\/div><\/div><\/p>\n","protected":false},"excerpt":{"rendered":"","protected":false},"author":38,"featured_media":0,"parent":0,"menu_order":0,"comment_status":"closed","ping_status":"closed","template":"","meta":{"content-type":"","footnotes":""},"class_list":["post-91158","page","type-page","status-publish","hentry"],"yoast_head":"<!-- This site is optimized with the Yoast SEO Premium plugin v27.4 (Yoast SEO v27.5) - https:\/\/yoast.com\/product\/yoast-seo-premium-wordpress\/ -->\n<title>Ohmycad Aviso legal | Informaci\u00f3n legal y RGPD<\/title>\n<meta name=\"description\" content=\"Consulta el Aviso Legal de Ohmycad para nuestra informaci\u00f3n legal, detalles sobre el editor, el host, nuestra pol\u00edtica de datos personales y el uso de cookies. Transparencia y cumplimiento del RGPD.\" \/>\n<meta name=\"robots\" content=\"index, follow, max-snippet:-1, max-image-preview:large, max-video-preview:-1\" \/>\n<link rel=\"canonical\" href=\"https:\/\/ohmycad.com\/es\/aviso-legal\/\" \/>\n<meta property=\"og:locale\" content=\"es_ES\" \/>\n<meta property=\"og:type\" content=\"article\" \/>\n<meta property=\"og:title\" content=\"Aviso legal\" \/>\n<meta property=\"og:description\" content=\"Consulta el Aviso Legal de Ohmycad para nuestra informaci\u00f3n legal, detalles sobre el editor, el host, nuestra pol\u00edtica de datos personales y el uso de cookies. Transparencia y cumplimiento del RGPD.\" \/>\n<meta property=\"og:url\" content=\"https:\/\/ohmycad.com\/es\/aviso-legal\/\" \/>\n<meta property=\"og:site_name\" content=\"Ohmycad | Partenaire SOLIDWORKS\" \/>\n<meta property=\"article:publisher\" content=\"https:\/\/www.facebook.com\/ohmycad3ds\/\" \/>\n<meta property=\"article:modified_time\" content=\"2026-01-12T13:00:38+00:00\" \/>\n<meta property=\"og:image\" content=\"https:\/\/ohmycad.com\/wp-content\/uploads\/2025\/04\/cropped-Logo-Carre-PNG.png\" \/>\n\t<meta property=\"og:image:width\" content=\"512\" \/>\n\t<meta property=\"og:image:height\" content=\"512\" \/>\n\t<meta property=\"og:image:type\" content=\"image\/png\" \/>\n<meta name=\"twitter:card\" content=\"summary_large_image\" \/>\n<meta name=\"twitter:label1\" content=\"Tiempo de lectura\" \/>\n\t<meta name=\"twitter:data1\" content=\"4 minuto\" \/>\n<script type=\"application\/ld+json\" class=\"yoast-schema-graph\">{\"@context\":\"https:\\\/\\\/schema.org\",\"@graph\":[{\"@type\":\"WebPage\",\"@id\":\"https:\\\/\\\/ohmycad.com\\\/es\\\/aviso-legal\\\/\",\"url\":\"https:\\\/\\\/ohmycad.com\\\/es\\\/aviso-legal\\\/\",\"name\":\"Ohmycad Aviso legal | Informaci\u00f3n legal y RGPD\",\"isPartOf\":{\"@id\":\"https:\\\/\\\/ohmycad.com\\\/es\\\/#website\"},\"datePublished\":\"2025-06-19T08:59:44+00:00\",\"dateModified\":\"2026-01-12T13:00:38+00:00\",\"description\":\"Consulta el Aviso Legal de Ohmycad para nuestra informaci\u00f3n legal, detalles sobre el editor, el host, nuestra pol\u00edtica de datos personales y el uso de cookies. Transparencia y cumplimiento del RGPD.\",\"breadcrumb\":{\"@id\":\"https:\\\/\\\/ohmycad.com\\\/es\\\/aviso-legal\\\/#breadcrumb\"},\"inLanguage\":\"es\",\"potentialAction\":[{\"@type\":\"ReadAction\",\"target\":[\"https:\\\/\\\/ohmycad.com\\\/es\\\/aviso-legal\\\/\"]}]},{\"@type\":\"BreadcrumbList\",\"@id\":\"https:\\\/\\\/ohmycad.com\\\/es\\\/aviso-legal\\\/#breadcrumb\",\"itemListElement\":[{\"@type\":\"ListItem\",\"position\":1,\"name\":\"Accueil\",\"item\":\"https:\\\/\\\/ohmycad.com\\\/es\\\/\"},{\"@type\":\"ListItem\",\"position\":2,\"name\":\"Aviso legal\"}]},{\"@type\":\"WebSite\",\"@id\":\"https:\\\/\\\/ohmycad.com\\\/es\\\/#website\",\"url\":\"https:\\\/\\\/ohmycad.com\\\/es\\\/\",\"name\":\"Ohmycad - Partner SOLIDWORKS\",\"description\":\"Le partenaire Dassault Syst\u00e8mes sans compromis\",\"publisher\":{\"@id\":\"https:\\\/\\\/ohmycad.com\\\/es\\\/#organization\"},\"potentialAction\":[{\"@type\":\"SearchAction\",\"target\":{\"@type\":\"EntryPoint\",\"urlTemplate\":\"https:\\\/\\\/ohmycad.com\\\/es\\\/?s={search_term_string}\"},\"query-input\":{\"@type\":\"PropertyValueSpecification\",\"valueRequired\":true,\"valueName\":\"search_term_string\"}}],\"inLanguage\":\"es\"},{\"@type\":\"Organization\",\"@id\":\"https:\\\/\\\/ohmycad.com\\\/es\\\/#organization\",\"name\":\"Ohmycad\",\"url\":\"https:\\\/\\\/ohmycad.com\\\/es\\\/\",\"logo\":{\"@type\":\"ImageObject\",\"inLanguage\":\"es\",\"@id\":\"https:\\\/\\\/ohmycad.com\\\/es\\\/#\\\/schema\\\/logo\\\/image\\\/\",\"url\":\"https:\\\/\\\/ohmycad.com\\\/wp-content\\\/uploads\\\/2025\\\/04\\\/Logo-Carre-PNG.png\",\"contentUrl\":\"https:\\\/\\\/ohmycad.com\\\/wp-content\\\/uploads\\\/2025\\\/04\\\/Logo-Carre-PNG.png\",\"width\":1080,\"height\":1080,\"caption\":\"Ohmycad\"},\"image\":{\"@id\":\"https:\\\/\\\/ohmycad.com\\\/es\\\/#\\\/schema\\\/logo\\\/image\\\/\"},\"sameAs\":[\"https:\\\/\\\/www.facebook.com\\\/ohmycad3ds\\\/\",\"https:\\\/\\\/www.instagram.com\\\/ohmycad_\\\/\",\"https:\\\/\\\/www.linkedin.com\\\/company\\\/ohmycad\\\/posts\\\/?feedView=all\"],\"email\":\"contact@ohmycad.com\",\"telephone\":\"+331 89 71 33 15\",\"legalName\":\"NEXTCUBE.IO\",\"foundingDate\":\"2019-11-12\",\"vatID\":\"FR43880208533\",\"taxID\":\"88020853300013\",\"numberOfEmployees\":{\"@type\":\"QuantitativeValue\",\"minValue\":\"11\",\"maxValue\":\"50\"}}]}<\/script>\n<!-- \/ Yoast SEO Premium plugin. -->","yoast_head_json":{"title":"Ohmycad Aviso legal | Informaci\u00f3n legal y RGPD","description":"Consulta el Aviso Legal de Ohmycad para nuestra informaci\u00f3n legal, detalles sobre el editor, el host, nuestra pol\u00edtica de datos personales y el uso de cookies. Transparencia y cumplimiento del RGPD.","robots":{"index":"index","follow":"follow","max-snippet":"max-snippet:-1","max-image-preview":"max-image-preview:large","max-video-preview":"max-video-preview:-1"},"canonical":"https:\/\/ohmycad.com\/es\/aviso-legal\/","og_locale":"es_ES","og_type":"article","og_title":"Aviso legal","og_description":"Consulta el Aviso Legal de Ohmycad para nuestra informaci\u00f3n legal, detalles sobre el editor, el host, nuestra pol\u00edtica de datos personales y el uso de cookies. Transparencia y cumplimiento del RGPD.","og_url":"https:\/\/ohmycad.com\/es\/aviso-legal\/","og_site_name":"Ohmycad | Partenaire SOLIDWORKS","article_publisher":"https:\/\/www.facebook.com\/ohmycad3ds\/","article_modified_time":"2026-01-12T13:00:38+00:00","og_image":[{"width":512,"height":512,"url":"https:\/\/ohmycad.com\/wp-content\/uploads\/2025\/04\/cropped-Logo-Carre-PNG.png","type":"image\/png"}],"twitter_card":"summary_large_image","twitter_misc":{"Tiempo de lectura":"4 minuto"},"schema":{"@context":"https:\/\/schema.org","@graph":[{"@type":"WebPage","@id":"https:\/\/ohmycad.com\/es\/aviso-legal\/","url":"https:\/\/ohmycad.com\/es\/aviso-legal\/","name":"Ohmycad Aviso legal | Informaci\u00f3n legal y RGPD","isPartOf":{"@id":"https:\/\/ohmycad.com\/es\/#website"},"datePublished":"2025-06-19T08:59:44+00:00","dateModified":"2026-01-12T13:00:38+00:00","description":"Consulta el Aviso Legal de Ohmycad para nuestra informaci\u00f3n legal, detalles sobre el editor, el host, nuestra pol\u00edtica de datos personales y el uso de cookies. Transparencia y cumplimiento del RGPD.","breadcrumb":{"@id":"https:\/\/ohmycad.com\/es\/aviso-legal\/#breadcrumb"},"inLanguage":"es","potentialAction":[{"@type":"ReadAction","target":["https:\/\/ohmycad.com\/es\/aviso-legal\/"]}]},{"@type":"BreadcrumbList","@id":"https:\/\/ohmycad.com\/es\/aviso-legal\/#breadcrumb","itemListElement":[{"@type":"ListItem","position":1,"name":"Accueil","item":"https:\/\/ohmycad.com\/es\/"},{"@type":"ListItem","position":2,"name":"Aviso legal"}]},{"@type":"WebSite","@id":"https:\/\/ohmycad.com\/es\/#website","url":"https:\/\/ohmycad.com\/es\/","name":"Ohmycad - Partner SOLIDWORKS","description":"Le partenaire Dassault Syst\u00e8mes sans compromis","publisher":{"@id":"https:\/\/ohmycad.com\/es\/#organization"},"potentialAction":[{"@type":"SearchAction","target":{"@type":"EntryPoint","urlTemplate":"https:\/\/ohmycad.com\/es\/?s={search_term_string}"},"query-input":{"@type":"PropertyValueSpecification","valueRequired":true,"valueName":"search_term_string"}}],"inLanguage":"es"},{"@type":"Organization","@id":"https:\/\/ohmycad.com\/es\/#organization","name":"Ohmycad","url":"https:\/\/ohmycad.com\/es\/","logo":{"@type":"ImageObject","inLanguage":"es","@id":"https:\/\/ohmycad.com\/es\/#\/schema\/logo\/image\/","url":"https:\/\/ohmycad.com\/wp-content\/uploads\/2025\/04\/Logo-Carre-PNG.png","contentUrl":"https:\/\/ohmycad.com\/wp-content\/uploads\/2025\/04\/Logo-Carre-PNG.png","width":1080,"height":1080,"caption":"Ohmycad"},"image":{"@id":"https:\/\/ohmycad.com\/es\/#\/schema\/logo\/image\/"},"sameAs":["https:\/\/www.facebook.com\/ohmycad3ds\/","https:\/\/www.instagram.com\/ohmycad_\/","https:\/\/www.linkedin.com\/company\/ohmycad\/posts\/?feedView=all"],"email":"contact@ohmycad.com","telephone":"+331 89 71 33 15","legalName":"NEXTCUBE.IO","foundingDate":"2019-11-12","vatID":"FR43880208533","taxID":"88020853300013","numberOfEmployees":{"@type":"QuantitativeValue","minValue":"11","maxValue":"50"}}]}},"_links":{"self":[{"href":"https:\/\/ohmycad.com\/es\/wp-json\/wp\/v2\/pages\/91158","targetHints":{"allow":["GET"]}}],"collection":[{"href":"https:\/\/ohmycad.com\/es\/wp-json\/wp\/v2\/pages"}],"about":[{"href":"https:\/\/ohmycad.com\/es\/wp-json\/wp\/v2\/types\/page"}],"author":[{"embeddable":true,"href":"https:\/\/ohmycad.com\/es\/wp-json\/wp\/v2\/users\/38"}],"replies":[{"embeddable":true,"href":"https:\/\/ohmycad.com\/es\/wp-json\/wp\/v2\/comments?post=91158"}],"version-history":[{"count":0,"href":"https:\/\/ohmycad.com\/es\/wp-json\/wp\/v2\/pages\/91158\/revisions"}],"wp:attachment":[{"href":"https:\/\/ohmycad.com\/es\/wp-json\/wp\/v2\/media?parent=91158"}],"curies":[{"name":"wp","href":"https:\/\/api.w.org\/{rel}","templated":true}]}}